{"id":3731,"date":"2021-03-11T18:30:25","date_gmt":"2021-03-11T17:30:25","guid":{"rendered":"http:\/\/myriamfranchini.com\/?page_id=3731"},"modified":"2021-08-12T23:26:15","modified_gmt":"2021-08-12T21:26:15","slug":"portfolio-petite-baigneuse","status":"publish","type":"page","link":"https:\/\/myriamfranchini.com\/index.php\/portfolio-petite-baigneuse\/","title":{"rendered":"La petite baigneuse"},"content":{"rendered":"\t\t<div data-elementor-type=\"wp-page\" data-elementor-id=\"3731\" class=\"elementor elementor-3731\" data-elementor-settings=\"[]\">\n\t\t\t\t\t\t\t<div class=\"elementor-section-wrap\">\n\t\t\t\t\t\t\t<section class=\"elementor-section elementor-top-section elementor-element elementor-element-14378109 elementor-section-boxed elementor-section-height-default elementor-section-height-default\" data-id=\"14378109\" data-element_type=\"section\">\n\t\t\t\t\t\t<div class=\"elementor-container elementor-column-gap-default\">\n\t\t\t\t\t<div class=\"elementor-column elementor-col-100 elementor-top-column elementor-element elementor-element-5525a065\" data-id=\"5525a065\" data-element_type=\"column\">\n\t\t\t<div class=\"elementor-widget-wrap elementor-element-populated\">\n\t\t\t\t\t\t\t\t<div class=\"elementor-element elementor-element-35d8e64b elementor-widget elementor-widget-heading\" data-id=\"35d8e64b\" data-element_type=\"widget\" data-widget_type=\"heading.default\">\n\t\t\t\t<div class=\"elementor-widget-container\">\n\t\t\t<h2 class=\"elementor-heading-title elementor-size-default\">LA PETITE BAIGNEUSE<\/h2>\t\t<\/div>\n\t\t\t\t<\/div>\n\t\t\t\t<div class=\"elementor-element elementor-element-14d1441b elementor-widget-divider--view-line elementor-widget elementor-widget-divider\" data-id=\"14d1441b\" data-element_type=\"widget\" data-widget_type=\"divider.default\">\n\t\t\t\t<div class=\"elementor-widget-container\">\n\t\t\t\t\t<div class=\"elementor-divider\">\n\t\t\t<span class=\"elementor-divider-separator\">\n\t\t\t\t\t\t<\/span>\n\t\t<\/div>\n\t\t\t\t<\/div>\n\t\t\t\t<\/div>\n\t\t\t\t<div class=\"elementor-element elementor-element-5d507c4c elementor-pagination-position-outside elementor-widget elementor-widget-image-carousel\" data-id=\"5d507c4c\" data-element_type=\"widget\" data-settings=\"{&quot;slides_to_show&quot;:&quot;1&quot;,&quot;navigation&quot;:&quot;dots&quot;,&quot;autoplay&quot;:&quot;yes&quot;,&quot;pause_on_hover&quot;:&quot;yes&quot;,&quot;pause_on_interaction&quot;:&quot;yes&quot;,&quot;autoplay_speed&quot;:5000,&quot;infinite&quot;:&quot;yes&quot;,&quot;effect&quot;:&quot;slide&quot;,&quot;speed&quot;:500}\" data-widget_type=\"image-carousel.default\">\n\t\t\t\t<div class=\"elementor-widget-container\">\n\t\t\t\t\t<div class=\"elementor-image-carousel-wrapper swiper-container\" dir=\"ltr\">\n\t\t\t<div class=\"elementor-image-carousel swiper-wrapper\">\n\t\t\t\t<div class=\"swiper-slide\"><figure class=\"swiper-slide-inner\"><img class=\"swiper-slide-image\" src=\"https:\/\/myriamfranchini.com\/wp-content\/uploads\/2021\/08\/Baigneuse1-1.jpg\" alt=\"LA PETITE BAIGNEUSE\" \/><\/figure><\/div><div class=\"swiper-slide\"><figure class=\"swiper-slide-inner\"><img class=\"swiper-slide-image\" src=\"https:\/\/myriamfranchini.com\/wp-content\/uploads\/2021\/08\/Baigneuse2.jpg\" alt=\"LA PETITE BAIGNEUSE\" \/><\/figure><\/div>\t\t\t<\/div>\n\t\t\t\t\t\t\t\t\t\t\t\t<div class=\"swiper-pagination\"><\/div>\n\t\t\t\t\t\t\t\t\t\t\t\t\t<\/div>\n\t\t\t\t<\/div>\n\t\t\t\t<\/div>\n\t\t\t\t\t<\/div>\n\t\t<\/div>\n\t\t\t\t\t\t\t<\/div>\n\t\t<\/section>\n\t\t\t\t<section class=\"elementor-section elementor-top-section elementor-element elementor-element-13090de1 elementor-section-boxed elementor-section-height-default elementor-section-height-default\" data-id=\"13090de1\" data-element_type=\"section\">\n\t\t\t\t\t\t<div class=\"elementor-container elementor-column-gap-default\">\n\t\t\t\t\t<div class=\"elementor-column elementor-col-66 elementor-top-column elementor-element elementor-element-62bee8c1\" data-id=\"62bee8c1\" data-element_type=\"column\">\n\t\t\t<div class=\"elementor-widget-wrap elementor-element-populated\">\n\t\t\t\t\t\t\t\t<div class=\"elementor-element elementor-element-4791d282 elementor-widget elementor-widget-text-editor\" data-id=\"4791d282\" data-element_type=\"widget\" data-widget_type=\"text-editor.default\">\n\t\t\t\t<div class=\"elementor-widget-container\">\n\t\t\t\t\t<div class=\"elementor-text-editor elementor-clearfix\"><p style=\"margin-bottom: 0px; font-style: normal; font-stretch: normal; font-size: 12px; line-height: normal; font-family: 'Helvetica Neue'; color: #454545;\">\u00catre invit\u00e9 dans un atelier, c\u2019est entrer dans l\u2019univers et dans l\u2019intimit\u00e9 d\u2019un \u00eatre. Chaque \u00e9l\u00e9ment qui compose ce lieu de cr\u00e9ation nous r\u00e9v\u00e8le un peu de l\u2019artiste. Olivier Estoppey va jusqu\u2019\u00e0 d\u00e9t\u00e9riorer ses oeuvres pour cr\u00e9er de nouvelles figures qui le m\u00e8ne vers une construction de sculptures, d\u2019assemblages aux formes asym\u00e9triques. Il tranche, d\u00e9chire, perse la mati\u00e8re jusqu\u2019\u00e0 lui donner la forme souhait\u00e9e. Il construit des oeuvres de plus en plus imposantes et puissantes, repoussant sans cesse les limites de la sculpture argileuse. Dans son processus cr\u00e9atif il brise les clivages entre l\u2019art et l\u2019artisanat, transformant et red\u00e9finissant le m\u00e9dium c\u00e9ramique pour aboutir \u00e0 des oeuvres sculpturales.\u00a0<\/p><p style=\"margin-bottom: 0px; font-style: normal; font-stretch: normal; font-size: 12px; line-height: normal; font-family: 'Helvetica Neue'; color: #454545; min-height: 14px;\">\u00a0<\/p><p style=\"margin-bottom: 0px; font-style: normal; font-stretch: normal; font-size: 12px; line-height: normal; font-family: 'Helvetica Neue'; color: #454545;\">Ma rencontre avec Olivier m\u2019a permise d\u2019explorer une c\u00e9ramique, une sculpture argileuse, plus spontan\u00e9e, mettant l\u2019accent sur la gestuelle dans l\u2019art, permettant ainsi d\u2019\u00e9largir les possibilit\u00e9s expressives et esth\u00e9tiques du m\u00e9dium. Je suppose que cette exp\u00e9rience aura un impact important dans mes pr\u00e9valences artistiques. De toute \u00e9vidence, ce stage va influencer la suite de mon parcours.\u00a0<\/p><p style=\"margin-bottom: 0px; font-style: normal; font-stretch: normal; font-size: 12px; line-height: normal; font-family: 'Helvetica Neue'; color: #454545; min-height: 14px;\">\u00a0<\/p><p>\u00a0<\/p><p style=\"font-style: normal; font-stretch: normal; font-size: 12px; line-height: normal; font-family: 'Helvetica Neue'; color: #454545;\">A l\u2019image de Peter Voulkos, j\u2019ai envie de me lib\u00e9rer de la c\u00e9ramique, de ses contraintes et de ses limites pour en faire un art \u00e0 part enti\u00e8re J\u2019ai envie de cr\u00e9er un lien entre l\u2019artisanat et les beaux-arts.\u00a0<\/p><\/div>\n\t\t\t\t<\/div>\n\t\t\t\t<\/div>\n\t\t\t\t<div class=\"elementor-element elementor-element-797276d1 elementor-widget elementor-widget-text-editor\" data-id=\"797276d1\" data-element_type=\"widget\" data-widget_type=\"text-editor.default\">\n\t\t\t\t<div class=\"elementor-widget-container\">\n\t\t\t\t\t<div class=\"elementor-text-editor elementor-clearfix\"><\/div>\n\t\t\t\t<\/div>\n\t\t\t\t<\/div>\n\t\t\t\t\t<\/div>\n\t\t<\/div>\n\t\t\t\t<div class=\"elementor-column elementor-col-33 elementor-top-column elementor-element elementor-element-4155ab16\" data-id=\"4155ab16\" data-element_type=\"column\" data-settings=\"{&quot;background_background&quot;:&quot;classic&quot;}\">\n\t\t\t<div class=\"elementor-widget-wrap elementor-element-populated\">\n\t\t\t\t\t\t\t\t<section class=\"elementor-section elementor-inner-section elementor-element elementor-element-b26eb07 elementor-section-boxed elementor-section-height-default elementor-section-height-default\" data-id=\"b26eb07\" data-element_type=\"section\" data-settings=\"{&quot;background_background&quot;:&quot;classic&quot;}\">\n\t\t\t\t\t\t<div class=\"elementor-container elementor-column-gap-default\">\n\t\t\t\t\t<div class=\"elementor-column elementor-col-100 elementor-inner-column elementor-element elementor-element-2afe6bf1\" data-id=\"2afe6bf1\" data-element_type=\"column\">\n\t\t\t<div class=\"elementor-widget-wrap elementor-element-populated\">\n\t\t\t\t\t\t\t\t<div class=\"elementor-element elementor-element-a32900d elementor-widget elementor-widget-heading\" data-id=\"a32900d\" data-element_type=\"widget\" data-widget_type=\"heading.default\">\n\t\t\t\t<div class=\"elementor-widget-container\">\n\t\t\t<h2 class=\"elementor-heading-title elementor-size-default\">PROJECT INFO.<\/h2>\t\t<\/div>\n\t\t\t\t<\/div>\n\t\t\t\t<div class=\"elementor-element elementor-element-20f3c97d elementor-widget elementor-widget-text-editor\" data-id=\"20f3c97d\" data-element_type=\"widget\" data-widget_type=\"text-editor.default\">\n\t\t\t\t<div class=\"elementor-widget-container\">\n\t\t\t\t\t<div class=\"elementor-text-editor elementor-clearfix\"><p><b>PROJET <\/b>| La petite baigneuse<\/p><p><b>DATE <\/b>| 2018<\/p><p><b>MATIERES <\/b>|<b>\u00a0<\/b>B\u00e9ton<\/p><p>\u00a0<\/p><p><b>TECHNIQUES <\/b>| Modelage en terre, Moulage en pl\u00e2tre et\u00a0<\/p><p>coulage en b\u00e9ton<\/p><p><b>DIMENSIONS <\/b>| H90 x L60 cm<\/p><\/div>\n\t\t\t\t<\/div>\n\t\t\t\t<\/div>\n\t\t\t\t\t<\/div>\n\t\t<\/div>\n\t\t\t\t\t\t\t<\/div>\n\t\t<\/section>\n\t\t\t\t\t<\/div>\n\t\t<\/div>\n\t\t\t\t\t\t\t<\/div>\n\t\t<\/section>\n\t\t\t\t<section class=\"elementor-section elementor-top-section elementor-element elementor-element-3a891830 elementor-section-boxed elementor-section-height-default elementor-section-height-default\" data-id=\"3a891830\" data-element_type=\"section\">\n\t\t\t\t\t\t<div class=\"elementor-container elementor-column-gap-default\">\n\t\t\t\t\t<div class=\"elementor-column elementor-col-100 elementor-top-column elementor-element elementor-element-6cd0fffb\" data-id=\"6cd0fffb\" data-element_type=\"column\">\n\t\t\t<div class=\"elementor-widget-wrap elementor-element-populated\">\n\t\t\t\t\t\t\t\t<div class=\"elementor-element elementor-element-44e5e8db elementor-widget-divider--view-line elementor-widget elementor-widget-divider\" data-id=\"44e5e8db\" data-element_type=\"widget\" data-widget_type=\"divider.default\">\n\t\t\t\t<div class=\"elementor-widget-container\">\n\t\t\t\t\t<div class=\"elementor-divider\">\n\t\t\t<span class=\"elementor-divider-separator\">\n\t\t\t\t\t\t<\/span>\n\t\t<\/div>\n\t\t\t\t<\/div>\n\t\t\t\t<\/div>\n\t\t\t\t<div class=\"elementor-element elementor-element-11a01b8a elementor-widget elementor-widget-heading\" data-id=\"11a01b8a\" data-element_type=\"widget\" data-widget_type=\"heading.default\">\n\t\t\t\t<div class=\"elementor-widget-container\">\n\t\t\t<h2 class=\"elementor-heading-title elementor-size-default\">AUTRES PROJETS<\/h2>\t\t<\/div>\n\t\t\t\t<\/div>\n\t\t\t\t<div class=\"elementor-element elementor-element-22e6c961 elementor-widget-divider--view-line elementor-widget elementor-widget-divider\" data-id=\"22e6c961\" data-element_type=\"widget\" data-widget_type=\"divider.default\">\n\t\t\t\t<div class=\"elementor-widget-container\">\n\t\t\t\t\t<div class=\"elementor-divider\">\n\t\t\t<span class=\"elementor-divider-separator\">\n\t\t\t\t\t\t<\/span>\n\t\t<\/div>\n\t\t\t\t<\/div>\n\t\t\t\t<\/div>\n\t\t\t\t<div class=\"elementor-element elementor-element-4c0d4ff5 elementor-arrows-position-outside elementor-widget elementor-widget-image-carousel\" data-id=\"4c0d4ff5\" data-element_type=\"widget\" data-settings=\"{&quot;navigation&quot;:&quot;arrows&quot;,&quot;_animation&quot;:&quot;none&quot;,&quot;_animation_tablet&quot;:&quot;none&quot;,&quot;_animation_mobile&quot;:&quot;none&quot;,&quot;autoplay&quot;:&quot;yes&quot;,&quot;pause_on_hover&quot;:&quot;yes&quot;,&quot;pause_on_interaction&quot;:&quot;yes&quot;,&quot;autoplay_speed&quot;:5000,&quot;infinite&quot;:&quot;yes&quot;,&quot;speed&quot;:500}\" data-widget_type=\"image-carousel.default\">\n\t\t\t\t<div class=\"elementor-widget-container\">\n\t\t\t\t\t<div class=\"elementor-image-carousel-wrapper swiper-container\" dir=\"ltr\">\n\t\t\t<div class=\"elementor-image-carousel swiper-wrapper\">\n\t\t\t\t<div class=\"swiper-slide\"><a data-elementor-open-lightbox=\"yes\" data-elementor-lightbox-slideshow=\"4c0d4ff5\" href=\"#\"><figure class=\"swiper-slide-inner\"><img class=\"swiper-slide-image\" src=\"\" alt=\"\" \/><\/figure><\/a><\/div><div class=\"swiper-slide\"><a data-elementor-open-lightbox=\"yes\" data-elementor-lightbox-slideshow=\"4c0d4ff5\" href=\"#\"><figure class=\"swiper-slide-inner\"><img class=\"swiper-slide-image\" src=\"\" alt=\"\" \/><\/figure><\/a><\/div><div class=\"swiper-slide\"><a data-elementor-open-lightbox=\"yes\" data-elementor-lightbox-slideshow=\"4c0d4ff5\" href=\"#\"><figure class=\"swiper-slide-inner\"><img class=\"swiper-slide-image\" src=\"\" alt=\"\" \/><\/figure><\/a><\/div><div class=\"swiper-slide\"><a data-elementor-open-lightbox=\"yes\" data-elementor-lightbox-slideshow=\"4c0d4ff5\" data-elementor-lightbox-title=\"SET A THE 2\" href=\"#\"><figure class=\"swiper-slide-inner\"><img class=\"swiper-slide-image\" src=\"https:\/\/myriamfranchini.com\/wp-content\/uploads\/2021\/02\/IMG_2883-150x150.jpg\" alt=\"SET A THE 2\" \/><figcaption class=\"elementor-image-carousel-caption\">SET A THE 2<\/figcaption><\/figure><\/a><\/div>\t\t\t<\/div>\n\t\t\t\t\t\t\t\t\t\t\t\t\t\t\t\t<div class=\"elementor-swiper-button elementor-swiper-button-prev\">\n\t\t\t\t\t\t<i class=\"eicon-chevron-left\" aria-hidden=\"true\"><\/i>\n\t\t\t\t\t\t<span class=\"elementor-screen-only\">Pr\u00e9c\u00e9dent<\/span>\n\t\t\t\t\t<\/div>\n\t\t\t\t\t<div class=\"elementor-swiper-button elementor-swiper-button-next\">\n\t\t\t\t\t\t<i class=\"eicon-chevron-right\" aria-hidden=\"true\"><\/i>\n\t\t\t\t\t\t<span class=\"elementor-screen-only\">Suivant<\/span>\n\t\t\t\t\t<\/div>\n\t\t\t\t\t\t\t\t\t<\/div>\n\t\t\t\t<\/div>\n\t\t\t\t<\/div>\n\t\t\t\t\t<\/div>\n\t\t<\/div>\n\t\t\t\t\t\t\t<\/div>\n\t\t<\/section>\n\t\t\t\t\t\t<\/div>\n\t\t\t\t\t<\/div>\n\t\t","protected":false},"excerpt":{"rendered":"<p>LA PETITE BAIGNEUSE \u00catre invit\u00e9 dans un atelier, c\u2019est entrer dans l\u2019univers et dans l\u2019intimit\u00e9 d\u2019un \u00eatre. Chaque \u00e9l\u00e9ment qui compose ce lieu de cr\u00e9ation nous r\u00e9v\u00e8le un peu de l\u2019artiste. Olivier Estoppey va jusqu\u2019\u00e0 d\u00e9t\u00e9riorer ses oeuvres pour cr\u00e9er de nouvelles figures qui le m\u00e8ne vers une construction de sculptures, d\u2019assemblages aux formes asym\u00e9triques. [&hellip;]<\/p>\n","protected":false},"author":1,"featured_media":0,"parent":0,"menu_order":0,"comment_status":"closed","ping_status":"closed","template":"page-templates\/pagebuilder.php","meta":[],"_links":{"self":[{"href":"https:\/\/myriamfranchini.com\/index.php\/wp-json\/wp\/v2\/pages\/3731"}],"collection":[{"href":"https:\/\/myriamfranchini.com\/index.php\/wp-json\/wp\/v2\/pages"}],"about":[{"href":"https:\/\/myriamfranchini.com\/index.php\/wp-json\/wp\/v2\/types\/page"}],"author":[{"embeddable":true,"href":"https:\/\/myriamfranchini.com\/index.php\/wp-json\/wp\/v2\/users\/1"}],"replies":[{"embeddable":true,"href":"https:\/\/myriamfranchini.com\/index.php\/wp-json\/wp\/v2\/comments?post=3731"}],"version-history":[{"count":23,"href":"https:\/\/myriamfranchini.com\/index.php\/wp-json\/wp\/v2\/pages\/3731\/revisions"}],"predecessor-version":[{"id":4103,"href":"https:\/\/myriamfranchini.com\/index.php\/wp-json\/wp\/v2\/pages\/3731\/revisions\/4103"}],"wp:attachment":[{"href":"https:\/\/myriamfranchini.com\/index.php\/wp-json\/wp\/v2\/media?parent=3731"}],"curies":[{"name":"wp","href":"https:\/\/api.w.org\/{rel}","templated":true}]}}