{"id":3697,"date":"2021-03-11T18:01:40","date_gmt":"2021-03-11T17:01:40","guid":{"rendered":"http:\/\/myriamfranchini.com\/?page_id=3697"},"modified":"2022-02-14T15:02:52","modified_gmt":"2022-02-14T14:02:52","slug":"portfolio-rhino","status":"publish","type":"page","link":"https:\/\/myriamfranchini.com\/index.php\/portfolio-rhino\/","title":{"rendered":"Sagesse de l&rsquo;\u00e2me"},"content":{"rendered":"\t\t<div data-elementor-type=\"wp-page\" data-elementor-id=\"3697\" class=\"elementor elementor-3697\" data-elementor-settings=\"[]\">\n\t\t\t\t\t\t\t<div class=\"elementor-section-wrap\">\n\t\t\t\t\t\t\t<section class=\"elementor-section elementor-top-section elementor-element elementor-element-36afd9bd elementor-section-boxed elementor-section-height-default elementor-section-height-default\" data-id=\"36afd9bd\" data-element_type=\"section\">\n\t\t\t\t\t\t<div class=\"elementor-container elementor-column-gap-default\">\n\t\t\t\t\t<div class=\"elementor-column elementor-col-100 elementor-top-column elementor-element elementor-element-5e92ee95\" data-id=\"5e92ee95\" data-element_type=\"column\">\n\t\t\t<div class=\"elementor-widget-wrap elementor-element-populated\">\n\t\t\t\t\t\t\t\t<div class=\"elementor-element elementor-element-1c3136e4 elementor-widget elementor-widget-heading\" data-id=\"1c3136e4\" data-element_type=\"widget\" data-widget_type=\"heading.default\">\n\t\t\t\t<div class=\"elementor-widget-container\">\n\t\t\t<h2 class=\"elementor-heading-title elementor-size-default\">SAGESSE DE L'\u00c2ME<\/h2>\t\t<\/div>\n\t\t\t\t<\/div>\n\t\t\t\t<div class=\"elementor-element elementor-element-68a9f492 elementor-widget-divider--view-line elementor-widget elementor-widget-divider\" data-id=\"68a9f492\" data-element_type=\"widget\" data-widget_type=\"divider.default\">\n\t\t\t\t<div class=\"elementor-widget-container\">\n\t\t\t\t\t<div class=\"elementor-divider\">\n\t\t\t<span class=\"elementor-divider-separator\">\n\t\t\t\t\t\t<\/span>\n\t\t<\/div>\n\t\t\t\t<\/div>\n\t\t\t\t<\/div>\n\t\t\t\t<div class=\"elementor-element elementor-element-195c91e1 elementor-pagination-position-outside elementor-widget elementor-widget-image-carousel\" data-id=\"195c91e1\" data-element_type=\"widget\" data-settings=\"{&quot;slides_to_show&quot;:&quot;1&quot;,&quot;navigation&quot;:&quot;dots&quot;,&quot;autoplay&quot;:&quot;yes&quot;,&quot;pause_on_hover&quot;:&quot;yes&quot;,&quot;pause_on_interaction&quot;:&quot;yes&quot;,&quot;autoplay_speed&quot;:5000,&quot;infinite&quot;:&quot;yes&quot;,&quot;effect&quot;:&quot;slide&quot;,&quot;speed&quot;:500}\" data-widget_type=\"image-carousel.default\">\n\t\t\t\t<div class=\"elementor-widget-container\">\n\t\t\t\t\t<div class=\"elementor-image-carousel-wrapper swiper-container\" dir=\"ltr\">\n\t\t\t<div class=\"elementor-image-carousel swiper-wrapper\">\n\t\t\t\t<div class=\"swiper-slide\"><figure class=\"swiper-slide-inner\"><img class=\"swiper-slide-image\" src=\"https:\/\/myriamfranchini.com\/wp-content\/uploads\/2021\/08\/Rhino1-2.jpg\" alt=\"SAGESSE DE L&#039;\u00c2ME\" \/><\/figure><\/div><div class=\"swiper-slide\"><figure class=\"swiper-slide-inner\"><img class=\"swiper-slide-image\" src=\"https:\/\/myriamfranchini.com\/wp-content\/uploads\/2021\/08\/Rhino2-2.jpg\" alt=\"SAGESSE DE L&#039;\u00c2ME\" \/><\/figure><\/div><div class=\"swiper-slide\"><figure class=\"swiper-slide-inner\"><img class=\"swiper-slide-image\" src=\"https:\/\/myriamfranchini.com\/wp-content\/uploads\/2021\/08\/Rhino3-2.jpg\" alt=\"SAGESSE DE L&#039;\u00c2ME\" \/><\/figure><\/div><div class=\"swiper-slide\"><figure class=\"swiper-slide-inner\"><img class=\"swiper-slide-image\" src=\"https:\/\/myriamfranchini.com\/wp-content\/uploads\/2021\/08\/Rhino4.jpg\" alt=\"SAGESSE DE L&#039;\u00c2ME\" \/><\/figure><\/div>\t\t\t<\/div>\n\t\t\t\t\t\t\t\t\t\t\t\t<div class=\"swiper-pagination\"><\/div>\n\t\t\t\t\t\t\t\t\t\t\t\t\t<\/div>\n\t\t\t\t<\/div>\n\t\t\t\t<\/div>\n\t\t\t\t\t<\/div>\n\t\t<\/div>\n\t\t\t\t\t\t\t<\/div>\n\t\t<\/section>\n\t\t\t\t<section class=\"elementor-section elementor-top-section elementor-element elementor-element-2247e5f8 elementor-section-boxed elementor-section-height-default elementor-section-height-default\" data-id=\"2247e5f8\" data-element_type=\"section\">\n\t\t\t\t\t\t<div class=\"elementor-container elementor-column-gap-default\">\n\t\t\t\t\t<div class=\"elementor-column elementor-col-66 elementor-top-column elementor-element elementor-element-5e53aa9d\" data-id=\"5e53aa9d\" data-element_type=\"column\">\n\t\t\t<div class=\"elementor-widget-wrap elementor-element-populated\">\n\t\t\t\t\t\t\t\t<div class=\"elementor-element elementor-element-4b6f97e3 elementor-widget elementor-widget-text-editor\" data-id=\"4b6f97e3\" data-element_type=\"widget\" data-widget_type=\"text-editor.default\">\n\t\t\t\t<div class=\"elementor-widget-container\">\n\t\t\t\t\t<div class=\"elementor-text-editor elementor-clearfix\"><p style=\"margin-bottom: 0px; font-style: normal; font-stretch: normal; font-size: 12px; line-height: normal; font-family: 'Helvetica Neue'; color: #454545;\">Cet animal \u00e0 la stature colossale et \u00e0 l\u2019aspect pr\u00e9historique m\u2019inspire. Sa carrure imposante et massive dissimule un temp\u00e9rament paisible. J\u2019ai choisi de fa\u00e7onner cette t\u00eate de rhinoc\u00e9ros et de l\u2019utiliser comme \u00ab\u00a0support d\u2019expression\u00a0\u00bb, me permettant d\u2019aborder ce projet \u00e0 travers un traitement artistique libre, en superposant des \u00e9maux \u00e0 effets. Hasard ou pas, \u00e0 cette m\u00eame p\u00e9riode on annon\u00e7ait la mort du dernier m\u00e2le vivant des rhinoc\u00e9ros blanc du Kenya. Son d\u00e9c\u00e8s signe probablement l\u2019extinction de cette sous-esp\u00e8ce, dont il ne reste plus que deux femelles.&nbsp;<\/p>\n<p style=\"margin-bottom: 0px; font-style: normal; font-stretch: normal; font-size: 12px; line-height: normal; font-family: 'Helvetica Neue'; color: #454545; min-height: 14px;\"><br><\/p><\/div>\n\t\t\t\t<\/div>\n\t\t\t\t<\/div>\n\t\t\t\t<div class=\"elementor-element elementor-element-8317b0e elementor-widget elementor-widget-text-editor\" data-id=\"8317b0e\" data-element_type=\"widget\" data-widget_type=\"text-editor.default\">\n\t\t\t\t<div class=\"elementor-widget-container\">\n\t\t\t\t\t<div class=\"elementor-text-editor elementor-clearfix\"><\/div>\n\t\t\t\t<\/div>\n\t\t\t\t<\/div>\n\t\t\t\t\t<\/div>\n\t\t<\/div>\n\t\t\t\t<div class=\"elementor-column elementor-col-33 elementor-top-column elementor-element elementor-element-720a1528\" data-id=\"720a1528\" data-element_type=\"column\" data-settings=\"{&quot;background_background&quot;:&quot;classic&quot;}\">\n\t\t\t<div class=\"elementor-widget-wrap elementor-element-populated\">\n\t\t\t\t\t\t\t\t<section class=\"elementor-section elementor-inner-section elementor-element elementor-element-701b6b4f elementor-section-boxed elementor-section-height-default elementor-section-height-default\" data-id=\"701b6b4f\" data-element_type=\"section\" data-settings=\"{&quot;background_background&quot;:&quot;classic&quot;}\">\n\t\t\t\t\t\t<div class=\"elementor-container elementor-column-gap-default\">\n\t\t\t\t\t<div class=\"elementor-column elementor-col-100 elementor-inner-column elementor-element elementor-element-3f89dae6\" data-id=\"3f89dae6\" data-element_type=\"column\">\n\t\t\t<div class=\"elementor-widget-wrap elementor-element-populated\">\n\t\t\t\t\t\t\t\t<div class=\"elementor-element elementor-element-44e8eb86 elementor-widget elementor-widget-heading\" data-id=\"44e8eb86\" data-element_type=\"widget\" data-widget_type=\"heading.default\">\n\t\t\t\t<div class=\"elementor-widget-container\">\n\t\t\t<h2 class=\"elementor-heading-title elementor-size-default\">PROJECT INFO.<\/h2>\t\t<\/div>\n\t\t\t\t<\/div>\n\t\t\t\t<div class=\"elementor-element elementor-element-29c0745c elementor-widget elementor-widget-text-editor\" data-id=\"29c0745c\" data-element_type=\"widget\" data-widget_type=\"text-editor.default\">\n\t\t\t\t<div class=\"elementor-widget-container\">\n\t\t\t\t\t<div class=\"elementor-text-editor elementor-clearfix\"><p><b>PROJET <\/b>| Sagesse de l&rsquo;\u00e2me<\/p><p><b>DATE <\/b>| 2019<\/p><p><b>MATIERES <\/b>|<b>\u00a0<\/b><span style=\"font-style: inherit;\">Gr\u00e8s Tolan RS 1.5<\/span><\/p><p><b>TECHNIQUES <\/b>|<b>\u00a0<\/b><span style=\"font-style: inherit;\">Modelage aux colombins<\/span><\/p><p><span style=\"font-style: inherit;\"><b>CUISSONS<\/b> | 1260\u00b0C<\/span><\/p><p><b>DIMENSIONS <\/b>|\u00a0<span style=\"font-style: inherit;\">H120 x D80 cm<\/span><\/p><\/div>\n\t\t\t\t<\/div>\n\t\t\t\t<\/div>\n\t\t\t\t\t<\/div>\n\t\t<\/div>\n\t\t\t\t\t\t\t<\/div>\n\t\t<\/section>\n\t\t\t\t\t<\/div>\n\t\t<\/div>\n\t\t\t\t\t\t\t<\/div>\n\t\t<\/section>\n\t\t\t\t<section class=\"elementor-section elementor-top-section elementor-element elementor-element-19591a0f elementor-section-boxed elementor-section-height-default elementor-section-height-default\" data-id=\"19591a0f\" data-element_type=\"section\">\n\t\t\t\t\t\t<div class=\"elementor-container elementor-column-gap-default\">\n\t\t\t\t\t<div class=\"elementor-column elementor-col-100 elementor-top-column elementor-element elementor-element-4444578a\" data-id=\"4444578a\" data-element_type=\"column\">\n\t\t\t<div class=\"elementor-widget-wrap elementor-element-populated\">\n\t\t\t\t\t\t\t\t<div class=\"elementor-element elementor-element-616131e4 elementor-widget-divider--view-line elementor-widget elementor-widget-divider\" data-id=\"616131e4\" data-element_type=\"widget\" data-widget_type=\"divider.default\">\n\t\t\t\t<div class=\"elementor-widget-container\">\n\t\t\t\t\t<div class=\"elementor-divider\">\n\t\t\t<span class=\"elementor-divider-separator\">\n\t\t\t\t\t\t<\/span>\n\t\t<\/div>\n\t\t\t\t<\/div>\n\t\t\t\t<\/div>\n\t\t\t\t<div class=\"elementor-element elementor-element-ffc8fe4 elementor-widget elementor-widget-heading\" data-id=\"ffc8fe4\" data-element_type=\"widget\" data-widget_type=\"heading.default\">\n\t\t\t\t<div class=\"elementor-widget-container\">\n\t\t\t<h2 class=\"elementor-heading-title elementor-size-default\">AUTRES PROJETS<\/h2>\t\t<\/div>\n\t\t\t\t<\/div>\n\t\t\t\t<div class=\"elementor-element elementor-element-73f91784 elementor-widget-divider--view-line elementor-widget elementor-widget-divider\" data-id=\"73f91784\" data-element_type=\"widget\" data-widget_type=\"divider.default\">\n\t\t\t\t<div class=\"elementor-widget-container\">\n\t\t\t\t\t<div class=\"elementor-divider\">\n\t\t\t<span class=\"elementor-divider-separator\">\n\t\t\t\t\t\t<\/span>\n\t\t<\/div>\n\t\t\t\t<\/div>\n\t\t\t\t<\/div>\n\t\t\t\t<div class=\"elementor-element elementor-element-7808f74 elementor-arrows-position-outside elementor-widget elementor-widget-image-carousel\" data-id=\"7808f74\" data-element_type=\"widget\" data-settings=\"{&quot;navigation&quot;:&quot;arrows&quot;,&quot;_animation&quot;:&quot;none&quot;,&quot;_animation_tablet&quot;:&quot;none&quot;,&quot;_animation_mobile&quot;:&quot;none&quot;,&quot;autoplay&quot;:&quot;yes&quot;,&quot;pause_on_hover&quot;:&quot;yes&quot;,&quot;pause_on_interaction&quot;:&quot;yes&quot;,&quot;autoplay_speed&quot;:5000,&quot;infinite&quot;:&quot;yes&quot;,&quot;speed&quot;:500}\" data-widget_type=\"image-carousel.default\">\n\t\t\t\t<div class=\"elementor-widget-container\">\n\t\t\t\t\t<div class=\"elementor-image-carousel-wrapper swiper-container\" dir=\"ltr\">\n\t\t\t<div class=\"elementor-image-carousel swiper-wrapper\">\n\t\t\t\t<div class=\"swiper-slide\"><a data-elementor-open-lightbox=\"yes\" data-elementor-lightbox-slideshow=\"7808f74\" href=\"#\"><figure class=\"swiper-slide-inner\"><img class=\"swiper-slide-image\" src=\"\" alt=\"\" \/><\/figure><\/a><\/div><div class=\"swiper-slide\"><a data-elementor-open-lightbox=\"yes\" data-elementor-lightbox-slideshow=\"7808f74\" href=\"#\"><figure class=\"swiper-slide-inner\"><img class=\"swiper-slide-image\" src=\"\" alt=\"\" \/><\/figure><\/a><\/div><div class=\"swiper-slide\"><a data-elementor-open-lightbox=\"yes\" data-elementor-lightbox-slideshow=\"7808f74\" href=\"#\"><figure class=\"swiper-slide-inner\"><img class=\"swiper-slide-image\" src=\"\" alt=\"\" \/><\/figure><\/a><\/div><div class=\"swiper-slide\"><a data-elementor-open-lightbox=\"yes\" data-elementor-lightbox-slideshow=\"7808f74\" data-elementor-lightbox-title=\"SET A THE 2\" href=\"#\"><figure class=\"swiper-slide-inner\"><img class=\"swiper-slide-image\" src=\"https:\/\/myriamfranchini.com\/wp-content\/uploads\/2021\/02\/IMG_2883-150x150.jpg\" alt=\"SET A THE 2\" \/><figcaption class=\"elementor-image-carousel-caption\">SET A THE 2<\/figcaption><\/figure><\/a><\/div>\t\t\t<\/div>\n\t\t\t\t\t\t\t\t\t\t\t\t\t\t\t\t<div class=\"elementor-swiper-button elementor-swiper-button-prev\">\n\t\t\t\t\t\t<i class=\"eicon-chevron-left\" aria-hidden=\"true\"><\/i>\n\t\t\t\t\t\t<span class=\"elementor-screen-only\">Pr\u00e9c\u00e9dent<\/span>\n\t\t\t\t\t<\/div>\n\t\t\t\t\t<div class=\"elementor-swiper-button elementor-swiper-button-next\">\n\t\t\t\t\t\t<i class=\"eicon-chevron-right\" aria-hidden=\"true\"><\/i>\n\t\t\t\t\t\t<span class=\"elementor-screen-only\">Suivant<\/span>\n\t\t\t\t\t<\/div>\n\t\t\t\t\t\t\t\t\t<\/div>\n\t\t\t\t<\/div>\n\t\t\t\t<\/div>\n\t\t\t\t\t<\/div>\n\t\t<\/div>\n\t\t\t\t\t\t\t<\/div>\n\t\t<\/section>\n\t\t\t\t\t\t<\/div>\n\t\t\t\t\t<\/div>\n\t\t","protected":false},"excerpt":{"rendered":"<p>SAGESSE DE L&rsquo;\u00c2ME Cet animal \u00e0 la stature colossale et \u00e0 l\u2019aspect pr\u00e9historique m\u2019inspire. Sa carrure imposante et massive dissimule un temp\u00e9rament paisible. J\u2019ai choisi de fa\u00e7onner cette t\u00eate de rhinoc\u00e9ros et de l\u2019utiliser comme \u00ab\u00a0support d\u2019expression\u00a0\u00bb, me permettant d\u2019aborder ce projet \u00e0 travers un traitement artistique libre, en superposant des \u00e9maux \u00e0 effets. Hasard [&hellip;]<\/p>\n","protected":false},"author":1,"featured_media":0,"parent":0,"menu_order":0,"comment_status":"closed","ping_status":"closed","template":"page-templates\/pagebuilder.php","meta":[],"_links":{"self":[{"href":"https:\/\/myriamfranchini.com\/index.php\/wp-json\/wp\/v2\/pages\/3697"}],"collection":[{"href":"https:\/\/myriamfranchini.com\/index.php\/wp-json\/wp\/v2\/pages"}],"about":[{"href":"https:\/\/myriamfranchini.com\/index.php\/wp-json\/wp\/v2\/types\/page"}],"author":[{"embeddable":true,"href":"https:\/\/myriamfranchini.com\/index.php\/wp-json\/wp\/v2\/users\/1"}],"replies":[{"embeddable":true,"href":"https:\/\/myriamfranchini.com\/index.php\/wp-json\/wp\/v2\/comments?post=3697"}],"version-history":[{"count":49,"href":"https:\/\/myriamfranchini.com\/index.php\/wp-json\/wp\/v2\/pages\/3697\/revisions"}],"predecessor-version":[{"id":4110,"href":"https:\/\/myriamfranchini.com\/index.php\/wp-json\/wp\/v2\/pages\/3697\/revisions\/4110"}],"wp:attachment":[{"href":"https:\/\/myriamfranchini.com\/index.php\/wp-json\/wp\/v2\/media?parent=3697"}],"curies":[{"name":"wp","href":"https:\/\/api.w.org\/{rel}","templated":true}]}}