{"id":3300,"date":"2021-03-09T16:16:29","date_gmt":"2021-03-09T15:16:29","guid":{"rendered":"http:\/\/myriamfranchini.com\/?page_id=3300"},"modified":"2021-08-12T23:34:25","modified_gmt":"2021-08-12T21:34:25","slug":"portfolio-spirale-de-vie","status":"publish","type":"page","link":"https:\/\/myriamfranchini.com\/index.php\/portfolio-spirale-de-vie\/","title":{"rendered":"Spirale de vie #1"},"content":{"rendered":"\t\t<div data-elementor-type=\"wp-page\" data-elementor-id=\"3300\" class=\"elementor elementor-3300\" data-elementor-settings=\"[]\">\n\t\t\t\t\t\t\t<div class=\"elementor-section-wrap\">\n\t\t\t\t\t\t\t<section class=\"elementor-section elementor-top-section elementor-element elementor-element-1e99e4b elementor-section-boxed elementor-section-height-default elementor-section-height-default\" data-id=\"1e99e4b\" data-element_type=\"section\">\n\t\t\t\t\t\t<div class=\"elementor-container elementor-column-gap-default\">\n\t\t\t\t\t<div class=\"elementor-column elementor-col-100 elementor-top-column elementor-element elementor-element-63f9a38d\" data-id=\"63f9a38d\" data-element_type=\"column\">\n\t\t\t<div class=\"elementor-widget-wrap elementor-element-populated\">\n\t\t\t\t\t\t\t\t<div class=\"elementor-element elementor-element-3de96143 elementor-widget elementor-widget-heading\" data-id=\"3de96143\" data-element_type=\"widget\" data-widget_type=\"heading.default\">\n\t\t\t\t<div class=\"elementor-widget-container\">\n\t\t\t<h2 class=\"elementor-heading-title elementor-size-default\">SPIRALE DE VIE #1<\/h2>\t\t<\/div>\n\t\t\t\t<\/div>\n\t\t\t\t<div class=\"elementor-element elementor-element-103a2742 elementor-widget-divider--view-line elementor-widget elementor-widget-divider\" data-id=\"103a2742\" data-element_type=\"widget\" data-widget_type=\"divider.default\">\n\t\t\t\t<div class=\"elementor-widget-container\">\n\t\t\t\t\t<div class=\"elementor-divider\">\n\t\t\t<span class=\"elementor-divider-separator\">\n\t\t\t\t\t\t<\/span>\n\t\t<\/div>\n\t\t\t\t<\/div>\n\t\t\t\t<\/div>\n\t\t\t\t<div class=\"elementor-element elementor-element-22ccd900 elementor-pagination-position-outside elementor-widget elementor-widget-image-carousel\" data-id=\"22ccd900\" data-element_type=\"widget\" data-settings=\"{&quot;slides_to_show&quot;:&quot;1&quot;,&quot;navigation&quot;:&quot;dots&quot;,&quot;autoplay&quot;:&quot;yes&quot;,&quot;pause_on_hover&quot;:&quot;yes&quot;,&quot;pause_on_interaction&quot;:&quot;yes&quot;,&quot;autoplay_speed&quot;:5000,&quot;infinite&quot;:&quot;yes&quot;,&quot;effect&quot;:&quot;slide&quot;,&quot;speed&quot;:500}\" data-widget_type=\"image-carousel.default\">\n\t\t\t\t<div class=\"elementor-widget-container\">\n\t\t\t\t\t<div class=\"elementor-image-carousel-wrapper swiper-container\" dir=\"ltr\">\n\t\t\t<div class=\"elementor-image-carousel swiper-wrapper\">\n\t\t\t\t<div class=\"swiper-slide\"><figure class=\"swiper-slide-inner\"><img class=\"swiper-slide-image\" src=\"https:\/\/myriamfranchini.com\/wp-content\/uploads\/2021\/08\/Spirale3.jpg\" alt=\"SPIRALE DE VIE #1\" \/><\/figure><\/div><div class=\"swiper-slide\"><figure class=\"swiper-slide-inner\"><img class=\"swiper-slide-image\" src=\"https:\/\/myriamfranchini.com\/wp-content\/uploads\/2021\/08\/Spirale2.jpg\" alt=\"SPIRALE DE VIE #1\" \/><\/figure><\/div><div class=\"swiper-slide\"><figure class=\"swiper-slide-inner\"><img class=\"swiper-slide-image\" src=\"https:\/\/myriamfranchini.com\/wp-content\/uploads\/2021\/08\/Spirale1.jpg\" alt=\"SPIRALE DE VIE #1\" \/><\/figure><\/div><div class=\"swiper-slide\"><figure class=\"swiper-slide-inner\"><img class=\"swiper-slide-image\" src=\"https:\/\/myriamfranchini.com\/wp-content\/uploads\/2021\/08\/Spirale4.jpg\" alt=\"SPIRALE DE VIE #1\" \/><\/figure><\/div>\t\t\t<\/div>\n\t\t\t\t\t\t\t\t\t\t\t\t<div class=\"swiper-pagination\"><\/div>\n\t\t\t\t\t\t\t\t\t\t\t\t\t<\/div>\n\t\t\t\t<\/div>\n\t\t\t\t<\/div>\n\t\t\t\t\t<\/div>\n\t\t<\/div>\n\t\t\t\t\t\t\t<\/div>\n\t\t<\/section>\n\t\t\t\t<section class=\"elementor-section elementor-top-section elementor-element elementor-element-2e5df3b3 elementor-section-boxed elementor-section-height-default elementor-section-height-default\" data-id=\"2e5df3b3\" data-element_type=\"section\">\n\t\t\t\t\t\t<div class=\"elementor-container elementor-column-gap-default\">\n\t\t\t\t\t<div class=\"elementor-column elementor-col-66 elementor-top-column elementor-element elementor-element-2145e02e\" data-id=\"2145e02e\" data-element_type=\"column\">\n\t\t\t<div class=\"elementor-widget-wrap elementor-element-populated\">\n\t\t\t\t\t\t\t\t<div class=\"elementor-element elementor-element-61c11688 elementor-widget elementor-widget-text-editor\" data-id=\"61c11688\" data-element_type=\"widget\" data-widget_type=\"text-editor.default\">\n\t\t\t\t<div class=\"elementor-widget-container\">\n\t\t\t\t\t<div class=\"elementor-text-editor elementor-clearfix\"><div class=\"page\" style=\"caret-color: #000000; color: #000000; font-family: -webkit-standard;\" title=\"Page 7\">\n<div class=\"section\">\n<div class=\"layoutArea\">\n<div class=\"column\">\n<p><span style=\"font-size: 9pt; font-family: Helvetica;\">Dans la se\u0301rie \u00ab\u00a0Spirale de vie\u00a0\u00bb, je m\u2019\u2019inte\u0301resse au dialogue entre le me\u0301dium ce\u0301ramique, la symbolique du mouvement circulaire et la re\u0301citation de prie\u0300res &#8211; qui est une invitation, une proposition au mieux e\u0302tre, a\u0300 la paix &#8211; cre\u0301ant une oeuvre vivante, invitant a\u0300 interagir avec cette dernie\u0300re. Le lien entre les proprie\u0301te\u0301s physiques des mate\u0301riaux, la notion d\u2019e\u0301quilibre dans la construction du moulin et la symbolique du mouvement circulaire, de la spirale, que le me\u0301dium ce\u0301ramique concre\u0301tise, suscite l\u2019inte\u0301re\u0302t, questionne.<\/span><\/p>\n<p><span style=\"font-size: 9pt; font-family: Helvetica;\"><br><\/span><\/p>\n<p><span style=\"font-size: 9pt; font-family: Helvetica;\">C\u2019est en s\u2019interrogeant sur la signification des mots, sur leur impact dans notre vie, que je me suis inte\u0301resse\u0301e a\u0300 la notion de prie\u0300res utilise\u0301es dans les moulins. Le rapport que nous entretenons avec la re\u0301pe\u0301tition de ces prie\u0300res, que ce soit a\u0300 l\u2019aide de chapelet, de moulins, ou tout autre objet, a besoin de concentration de l\u2019esprit et par conse\u0301quent, l\u2019esprit pendant la pratique ne peut pas s\u2019attarder a\u0300 des choses triviales du quotidien. Le but est de ramener l\u2019esprit dans la sphe\u0300re spirituelle de la vie. Il faut remarquer que les mots sont vivants, porteurs d\u2019une e\u0301nergie. Le fait d\u2019associer un mot a\u0300 un autre avec conscience rele\u0300ve d\u2019un acte artistique. Ces mots deviennent cre\u0301ateurs d\u2019une force, d\u2019une puissance, d\u2019un ordre de vie.<\/span><\/p>\n<p><span style=\"font-size: 9pt; font-family: Helvetica;\"><br><\/span><\/p>\n<p><span style=\"font-size: 9pt; font-family: Helvetica;\">Dans cet acte artistique, je propose a\u0300 ceux qui vont acque\u0301rir ces moulins d\u2019e\u0302tre co-cre\u0301ateur par l\u2019ajustement des mots les uns aux autres, qui viendront habiter le corps du moulin a\u0300 prie\u0300res. D\u2019ou l\u2019importance que j\u2019ai accorde\u0301 a\u0300 cette de\u0301marche.<\/span><\/p>\n<p><span style=\"font-size: 9pt; font-family: Helvetica;\"><br><\/span><\/p>\n<p><span style=\"font-size: 9pt; font-family: Helvetica;\">Tout est actif : mes gestes lors de l\u2019e\u0301laboration de l\u2019objet, l\u2019interaction des mate\u0301riaux les uns avec les autres et le moulin accompli. L\u2019\u0153uvre restera active et vivante tant que les personnes lui confieront leurs mots.<\/span><\/p>\n<\/div>\n<\/div>\n<\/div>\n<\/div><\/div>\n\t\t\t\t<\/div>\n\t\t\t\t<\/div>\n\t\t\t\t<div class=\"elementor-element elementor-element-4d4e3010 elementor-widget elementor-widget-text-editor\" data-id=\"4d4e3010\" data-element_type=\"widget\" data-widget_type=\"text-editor.default\">\n\t\t\t\t<div class=\"elementor-widget-container\">\n\t\t\t\t\t<div class=\"elementor-text-editor elementor-clearfix\"><\/div>\n\t\t\t\t<\/div>\n\t\t\t\t<\/div>\n\t\t\t\t\t<\/div>\n\t\t<\/div>\n\t\t\t\t<div class=\"elementor-column elementor-col-33 elementor-top-column elementor-element elementor-element-63415b3b\" data-id=\"63415b3b\" data-element_type=\"column\" data-settings=\"{&quot;background_background&quot;:&quot;classic&quot;}\">\n\t\t\t<div class=\"elementor-widget-wrap elementor-element-populated\">\n\t\t\t\t\t\t\t\t<section class=\"elementor-section elementor-inner-section elementor-element elementor-element-5ef8c1fe elementor-section-boxed elementor-section-height-default elementor-section-height-default\" data-id=\"5ef8c1fe\" data-element_type=\"section\" data-settings=\"{&quot;background_background&quot;:&quot;classic&quot;}\">\n\t\t\t\t\t\t<div class=\"elementor-container elementor-column-gap-default\">\n\t\t\t\t\t<div class=\"elementor-column elementor-col-100 elementor-inner-column elementor-element elementor-element-2a6db534\" data-id=\"2a6db534\" data-element_type=\"column\">\n\t\t\t<div class=\"elementor-widget-wrap elementor-element-populated\">\n\t\t\t\t\t\t\t\t<div class=\"elementor-element elementor-element-5208948f elementor-widget elementor-widget-heading\" data-id=\"5208948f\" data-element_type=\"widget\" data-widget_type=\"heading.default\">\n\t\t\t\t<div class=\"elementor-widget-container\">\n\t\t\t<h2 class=\"elementor-heading-title elementor-size-default\">PROJECT INFO.<\/h2>\t\t<\/div>\n\t\t\t\t<\/div>\n\t\t\t\t<div class=\"elementor-element elementor-element-65bb89f5 elementor-widget elementor-widget-text-editor\" data-id=\"65bb89f5\" data-element_type=\"widget\" data-widget_type=\"text-editor.default\">\n\t\t\t\t<div class=\"elementor-widget-container\">\n\t\t\t\t\t<div class=\"elementor-text-editor elementor-clearfix\"><p><b>PROJET <\/b>| Spirale de vie #1<\/p><p><b>DATE <\/b>| 2019<\/p><p><b>MATIERES <\/b>|<b>\u00a0<\/b>Gr\u00e8s St-Amand, \u00e9maux \u00e0 cristaux<\/p><p><b style=\"font-style: inherit;\">TECHNIQUES <\/b><span style=\"font-style: inherit;\">|<\/span><b style=\"font-style: inherit;\">\u00a0<\/b><span style=\"font-style: inherit;\">Modelage \u00e0 la corde<\/span><\/p><p><b style=\"font-style: inherit;\">CUISSONS<\/b><span style=\"font-style: inherit;\"> | 1150\u00b0C &#8211; 1260\u00b0C<\/span><\/p><p><b>DIMENSIONS <\/b>|\u00a0<span style=\"font-style: inherit;\">H35 x D29 cm &#8211;\u00a0<\/span>H55 x D29 &#8211; H70 x D40<\/p><p>\u00a0<\/p><\/div>\n\t\t\t\t<\/div>\n\t\t\t\t<\/div>\n\t\t\t\t\t<\/div>\n\t\t<\/div>\n\t\t\t\t\t\t\t<\/div>\n\t\t<\/section>\n\t\t\t\t\t<\/div>\n\t\t<\/div>\n\t\t\t\t\t\t\t<\/div>\n\t\t<\/section>\n\t\t\t\t<section class=\"elementor-section elementor-top-section elementor-element elementor-element-45f1d2b2 elementor-section-boxed elementor-section-height-default elementor-section-height-default\" data-id=\"45f1d2b2\" data-element_type=\"section\">\n\t\t\t\t\t\t<div class=\"elementor-container elementor-column-gap-default\">\n\t\t\t\t\t<div class=\"elementor-column elementor-col-100 elementor-top-column elementor-element elementor-element-7baa4150\" data-id=\"7baa4150\" data-element_type=\"column\">\n\t\t\t<div class=\"elementor-widget-wrap elementor-element-populated\">\n\t\t\t\t\t\t\t\t<div class=\"elementor-element elementor-element-4f301082 elementor-widget-divider--view-line elementor-widget elementor-widget-divider\" data-id=\"4f301082\" data-element_type=\"widget\" data-widget_type=\"divider.default\">\n\t\t\t\t<div class=\"elementor-widget-container\">\n\t\t\t\t\t<div class=\"elementor-divider\">\n\t\t\t<span class=\"elementor-divider-separator\">\n\t\t\t\t\t\t<\/span>\n\t\t<\/div>\n\t\t\t\t<\/div>\n\t\t\t\t<\/div>\n\t\t\t\t<div class=\"elementor-element elementor-element-5854bd08 elementor-widget elementor-widget-heading\" data-id=\"5854bd08\" data-element_type=\"widget\" data-widget_type=\"heading.default\">\n\t\t\t\t<div class=\"elementor-widget-container\">\n\t\t\t<h2 class=\"elementor-heading-title elementor-size-default\">AUTRES PROJETS<\/h2>\t\t<\/div>\n\t\t\t\t<\/div>\n\t\t\t\t<div class=\"elementor-element elementor-element-1206c7d3 elementor-widget-divider--view-line elementor-widget elementor-widget-divider\" data-id=\"1206c7d3\" data-element_type=\"widget\" data-widget_type=\"divider.default\">\n\t\t\t\t<div class=\"elementor-widget-container\">\n\t\t\t\t\t<div class=\"elementor-divider\">\n\t\t\t<span class=\"elementor-divider-separator\">\n\t\t\t\t\t\t<\/span>\n\t\t<\/div>\n\t\t\t\t<\/div>\n\t\t\t\t<\/div>\n\t\t\t\t<div class=\"elementor-element elementor-element-221a38b0 elementor-arrows-position-outside elementor-widget elementor-widget-image-carousel\" data-id=\"221a38b0\" data-element_type=\"widget\" data-settings=\"{&quot;navigation&quot;:&quot;arrows&quot;,&quot;_animation&quot;:&quot;none&quot;,&quot;_animation_tablet&quot;:&quot;none&quot;,&quot;_animation_mobile&quot;:&quot;none&quot;,&quot;autoplay&quot;:&quot;yes&quot;,&quot;pause_on_hover&quot;:&quot;yes&quot;,&quot;pause_on_interaction&quot;:&quot;yes&quot;,&quot;autoplay_speed&quot;:5000,&quot;infinite&quot;:&quot;yes&quot;,&quot;speed&quot;:500}\" data-widget_type=\"image-carousel.default\">\n\t\t\t\t<div class=\"elementor-widget-container\">\n\t\t\t\t\t<div class=\"elementor-image-carousel-wrapper swiper-container\" dir=\"ltr\">\n\t\t\t<div class=\"elementor-image-carousel swiper-wrapper\">\n\t\t\t\t<div class=\"swiper-slide\"><a data-elementor-open-lightbox=\"yes\" data-elementor-lightbox-slideshow=\"221a38b0\" href=\"#\"><figure class=\"swiper-slide-inner\"><img class=\"swiper-slide-image\" src=\"\" alt=\"\" \/><\/figure><\/a><\/div><div class=\"swiper-slide\"><a data-elementor-open-lightbox=\"yes\" data-elementor-lightbox-slideshow=\"221a38b0\" href=\"#\"><figure class=\"swiper-slide-inner\"><img class=\"swiper-slide-image\" src=\"\" alt=\"\" \/><\/figure><\/a><\/div><div class=\"swiper-slide\"><a data-elementor-open-lightbox=\"yes\" data-elementor-lightbox-slideshow=\"221a38b0\" href=\"#\"><figure class=\"swiper-slide-inner\"><img class=\"swiper-slide-image\" src=\"\" alt=\"\" \/><\/figure><\/a><\/div><div class=\"swiper-slide\"><a data-elementor-open-lightbox=\"yes\" data-elementor-lightbox-slideshow=\"221a38b0\" data-elementor-lightbox-title=\"SET A THE 2\" href=\"#\"><figure class=\"swiper-slide-inner\"><img class=\"swiper-slide-image\" src=\"https:\/\/myriamfranchini.com\/wp-content\/uploads\/2021\/02\/IMG_2883-150x150.jpg\" alt=\"SET A THE 2\" \/><figcaption class=\"elementor-image-carousel-caption\">SET A THE 2<\/figcaption><\/figure><\/a><\/div>\t\t\t<\/div>\n\t\t\t\t\t\t\t\t\t\t\t\t\t\t\t\t<div class=\"elementor-swiper-button elementor-swiper-button-prev\">\n\t\t\t\t\t\t<i class=\"eicon-chevron-left\" aria-hidden=\"true\"><\/i>\n\t\t\t\t\t\t<span class=\"elementor-screen-only\">Pr\u00e9c\u00e9dent<\/span>\n\t\t\t\t\t<\/div>\n\t\t\t\t\t<div class=\"elementor-swiper-button elementor-swiper-button-next\">\n\t\t\t\t\t\t<i class=\"eicon-chevron-right\" aria-hidden=\"true\"><\/i>\n\t\t\t\t\t\t<span class=\"elementor-screen-only\">Suivant<\/span>\n\t\t\t\t\t<\/div>\n\t\t\t\t\t\t\t\t\t<\/div>\n\t\t\t\t<\/div>\n\t\t\t\t<\/div>\n\t\t\t\t\t<\/div>\n\t\t<\/div>\n\t\t\t\t\t\t\t<\/div>\n\t\t<\/section>\n\t\t\t\t\t\t<\/div>\n\t\t\t\t\t<\/div>\n\t\t","protected":false},"excerpt":{"rendered":"<p>SPIRALE DE VIE #1 Dans la s\u00e9rie \u00ab\u00a0Spirale de vie\u00a0\u00bb, je m\u2019\u2019int\u00e9resse au dialogue entre le m\u00e9dium c\u00e9ramique, la symbolique du mouvement circulaire et la r\u00e9citation de pri\u00e8res &#8211; qui est une invitation, une proposition au mieux \u00eatre, \u00e0 la paix &#8211; cr\u00e9ant une oeuvre vivante, invitant \u00e0 interagir avec cette derni\u00e8re. Le lien entre [&hellip;]<\/p>\n","protected":false},"author":1,"featured_media":0,"parent":0,"menu_order":0,"comment_status":"closed","ping_status":"closed","template":"page-templates\/pagebuilder.php","meta":[],"_links":{"self":[{"href":"https:\/\/myriamfranchini.com\/index.php\/wp-json\/wp\/v2\/pages\/3300"}],"collection":[{"href":"https:\/\/myriamfranchini.com\/index.php\/wp-json\/wp\/v2\/pages"}],"about":[{"href":"https:\/\/myriamfranchini.com\/index.php\/wp-json\/wp\/v2\/types\/page"}],"author":[{"embeddable":true,"href":"https:\/\/myriamfranchini.com\/index.php\/wp-json\/wp\/v2\/users\/1"}],"replies":[{"embeddable":true,"href":"https:\/\/myriamfranchini.com\/index.php\/wp-json\/wp\/v2\/comments?post=3300"}],"version-history":[{"count":27,"href":"https:\/\/myriamfranchini.com\/index.php\/wp-json\/wp\/v2\/pages\/3300\/revisions"}],"predecessor-version":[{"id":4106,"href":"https:\/\/myriamfranchini.com\/index.php\/wp-json\/wp\/v2\/pages\/3300\/revisions\/4106"}],"wp:attachment":[{"href":"https:\/\/myriamfranchini.com\/index.php\/wp-json\/wp\/v2\/media?parent=3300"}],"curies":[{"name":"wp","href":"https:\/\/api.w.org\/{rel}","templated":true}]}}