{"id":2738,"date":"2021-02-18T16:44:50","date_gmt":"2021-02-18T15:44:50","guid":{"rendered":"http:\/\/myriamfranchini.com\/?page_id=2738"},"modified":"2021-03-11T21:11:49","modified_gmt":"2021-03-11T20:11:49","slug":"statement","status":"publish","type":"page","link":"https:\/\/myriamfranchini.com\/index.php\/statement\/","title":{"rendered":"Statement"},"content":{"rendered":"\t\t<div data-elementor-type=\"wp-page\" data-elementor-id=\"2738\" class=\"elementor elementor-2738\" data-elementor-settings=\"[]\">\n\t\t\t\t\t\t\t<div class=\"elementor-section-wrap\">\n\t\t\t\t\t\t\t<section class=\"elementor-section elementor-top-section elementor-element elementor-element-674aa4a4 elementor-section-full_width elementor-section-height-default elementor-section-height-default\" data-id=\"674aa4a4\" data-element_type=\"section\">\n\t\t\t\t\t\t<div class=\"elementor-container elementor-column-gap-default\">\n\t\t\t\t\t<div class=\"elementor-column elementor-col-100 elementor-top-column elementor-element elementor-element-1c64681d\" data-id=\"1c64681d\" data-element_type=\"column\">\n\t\t\t<div class=\"elementor-widget-wrap elementor-element-populated\">\n\t\t\t\t\t\t\t\t<div class=\"elementor-element elementor-element-60699bba elementor-widget elementor-widget-text-editor\" data-id=\"60699bba\" data-element_type=\"widget\" data-widget_type=\"text-editor.default\">\n\t\t\t\t<div class=\"elementor-widget-container\">\n\t\t\t\t\t<div class=\"elementor-text-editor elementor-clearfix\"><p><!-- wp:paragraph --><\/p>\n<p>Si le potentiel expressif du m\u00e9dium c\u00e9ramique me fascine, ma d\u00e9marche artistique se veut, elle, pluridisciplinaire. Explorer l\u2019alliance entre le bois, le m\u00e9tal &#8211; ou tout autre m\u00e9dium &#8211; et la c\u00e9ramique inspire mon travail, conduit mes r\u00e9flexions : comment ces mat\u00e9riaux peuvent discourir ensemble, m\u00ealant leurs accointances et leurs diff\u00e9rences.<\/p>\n<p><!-- \/wp:paragraph --><\/p>\n<p><!-- wp:paragraph --><\/p>\n<p>Ma curiosit\u00e9 insatiable m\u2019appelle \u00e0 explorer chaque objet, chaque \u00e9l\u00e9ment du quotidien, de la nature, comme potentiellement exploitable, ainsi les d\u00e9fis techniques qui d\u00e9coulent du processus de fabrication r\u00e9pondent \u00e0 ma curiosit\u00e9, \u00e0 mon app\u00e9tit de cr\u00e9er et \u00e0 mon \u00e9lan int\u00e9rieur ; ils s\u2019inscrivent dans un processus de recherche toujours en devenir, visant \u00e0 repousser les limites de la c\u00e9ramique.<\/p>\n<p><!-- \/wp:paragraph --><\/p>\n<p><!-- wp:paragraph --><\/p>\n<p>Mon langage plastique aspire \u00e0 un perfectionnisme et un souci du d\u00e9tail presque obsessionnel. Je cherche \u00e0 sublimer l\u2019objet par sa simplicit\u00e9 apparente en le d\u00e9pouillant de tout artifice superflu. Paradoxalement, j\u2019aime exploiter les d\u00e9couvertes accidentelles formant un dialogue entre le \u00ab\u00a0l\u00e2cher prise\u00a0\u00bb et le d\u00e9sir de perfection.<\/p>\n<p><!-- \/wp:paragraph --><\/p>\n<p><!-- wp:paragraph --><\/p>\n<p>Suivant une m\u00e9thode de travail rigoureuse, nourrie d\u2019introspection, de silence, d\u2019observation, le fa\u00e7onnage des pi\u00e8ces utilitaires ou expressives ont en commun une esth\u00e9tique \u00e9pur\u00e9e. J\u2019inscris mon travail dans une repr\u00e9sentation contemporaine, et une forme d\u2019expression qui cherche \u00e0 r\u00e9v\u00e9ler le lien entre la pens\u00e9e et l\u2019\u0153uvre.<\/p>\n<p><!-- \/wp:paragraph --><\/p><\/div>\n\t\t\t\t<\/div>\n\t\t\t\t<\/div>\n\t\t\t\t\t<\/div>\n\t\t<\/div>\n\t\t\t\t\t\t\t<\/div>\n\t\t<\/section>\n\t\t\t\t\t\t<\/div>\n\t\t\t\t\t<\/div>\n\t\t","protected":false},"excerpt":{"rendered":"<p>Si le potentiel expressif du m\u00e9dium c\u00e9ramique me fascine, ma d\u00e9marche artistique se veut, elle, pluridisciplinaire. Explorer l\u2019alliance entre le bois, le m\u00e9tal &#8211; ou tout autre m\u00e9dium &#8211; et la c\u00e9ramique inspire mon travail, conduit mes r\u00e9flexions : comment ces mat\u00e9riaux peuvent discourir ensemble, m\u00ealant leurs accointances et leurs diff\u00e9rences. Ma curiosit\u00e9 insatiable m\u2019appelle [&hellip;]<\/p>\n","protected":false},"author":1,"featured_media":0,"parent":0,"menu_order":0,"comment_status":"closed","ping_status":"closed","template":"page-templates\/pagebuilder.php","meta":[],"_links":{"self":[{"href":"https:\/\/myriamfranchini.com\/index.php\/wp-json\/wp\/v2\/pages\/2738"}],"collection":[{"href":"https:\/\/myriamfranchini.com\/index.php\/wp-json\/wp\/v2\/pages"}],"about":[{"href":"https:\/\/myriamfranchini.com\/index.php\/wp-json\/wp\/v2\/types\/page"}],"author":[{"embeddable":true,"href":"https:\/\/myriamfranchini.com\/index.php\/wp-json\/wp\/v2\/users\/1"}],"replies":[{"embeddable":true,"href":"https:\/\/myriamfranchini.com\/index.php\/wp-json\/wp\/v2\/comments?post=2738"}],"version-history":[{"count":31,"href":"https:\/\/myriamfranchini.com\/index.php\/wp-json\/wp\/v2\/pages\/2738\/revisions"}],"predecessor-version":[{"id":3760,"href":"https:\/\/myriamfranchini.com\/index.php\/wp-json\/wp\/v2\/pages\/2738\/revisions\/3760"}],"wp:attachment":[{"href":"https:\/\/myriamfranchini.com\/index.php\/wp-json\/wp\/v2\/media?parent=2738"}],"curies":[{"name":"wp","href":"https:\/\/api.w.org\/{rel}","templated":true}]}}